{"id":2865,"date":"2024-12-24T10:58:36","date_gmt":"2024-12-24T10:58:36","guid":{"rendered":"https:\/\/izka.com.tr\/mission-vision\/"},"modified":"2025-01-09T10:24:59","modified_gmt":"2025-01-09T10:24:59","slug":"mission-vision","status":"publish","type":"page","link":"https:\/\/izka.com.tr\/en\/mission-vision\/","title":{"rendered":"Mission &amp; Vision"},"content":{"rendered":"\t\t<div data-elementor-type=\"wp-page\" data-elementor-id=\"2865\" class=\"elementor elementor-2865 elementor-831\" data-elementor-post-type=\"page\">\n\t\t\t\t<div class=\"elementor-element elementor-element-d8d5018 e-flex e-con-boxed e-con e-parent\" data-id=\"d8d5018\" data-element_type=\"container\" data-e-type=\"container\" data-settings=\"{&quot;background_background&quot;:&quot;classic&quot;}\">\n\t\t\t\t\t<div class=\"e-con-inner\">\n\t\t\t\t<div class=\"elementor-element elementor-element-3fc92cb elementor-widget elementor-widget-heading\" data-id=\"3fc92cb\" data-element_type=\"widget\" data-e-type=\"widget\" data-widget_type=\"heading.default\">\n\t\t\t\t<div class=\"elementor-widget-container\">\n\t\t\t\t\t<h2 class=\"elementor-heading-title elementor-size-default\">Mission &amp; Vision<\/h2>\t\t\t\t<\/div>\n\t\t\t\t<\/div>\n\t\t\t\t\t<\/div>\n\t\t\t\t<\/div>\n\t\t<div class=\"elementor-element elementor-element-031c750 e-flex e-con-boxed e-con e-parent\" data-id=\"031c750\" data-element_type=\"container\" data-e-type=\"container\">\n\t\t\t\t\t<div class=\"e-con-inner\">\n\t\t<div class=\"elementor-element elementor-element-d7500b4 e-con-full e-flex e-con e-child\" data-id=\"d7500b4\" data-element_type=\"container\" data-e-type=\"container\">\n\t\t\t\t<div class=\"elementor-element elementor-element-4d71dec elementor-widget elementor-widget-image\" data-id=\"4d71dec\" data-element_type=\"widget\" data-e-type=\"widget\" data-widget_type=\"image.default\">\n\t\t\t\t<div class=\"elementor-widget-container\">\n\t\t\t\t\t\t\t\t\t\t\t\t\t\t\t<img fetchpriority=\"high\" decoding=\"async\" width=\"1920\" height=\"1080\" src=\"https:\/\/izka.com.tr\/wp-content\/uploads\/2024\/12\/antalya_render_0002.jpg\" class=\"attachment-full size-full wp-image-2412\" alt=\"\" srcset=\"https:\/\/izka.com.tr\/wp-content\/uploads\/2024\/12\/antalya_render_0002.jpg 1920w, https:\/\/izka.com.tr\/wp-content\/uploads\/2024\/12\/antalya_render_0002-300x169.jpg 300w, https:\/\/izka.com.tr\/wp-content\/uploads\/2024\/12\/antalya_render_0002-1024x576.jpg 1024w, https:\/\/izka.com.tr\/wp-content\/uploads\/2024\/12\/antalya_render_0002-768x432.jpg 768w, https:\/\/izka.com.tr\/wp-content\/uploads\/2024\/12\/antalya_render_0002-1536x864.jpg 1536w\" sizes=\"(max-width: 1920px) 100vw, 1920px\" \/>\t\t\t\t\t\t\t\t\t\t\t\t\t\t\t<\/div>\n\t\t\t\t<\/div>\n\t\t\t\t<\/div>\n\t\t<div class=\"elementor-element elementor-element-14ac478 e-con-full e-flex e-con e-child\" data-id=\"14ac478\" data-element_type=\"container\" data-e-type=\"container\">\n\t\t\t\t<div class=\"elementor-element elementor-element-c7ba118 elementor-widget elementor-widget-heading\" data-id=\"c7ba118\" data-element_type=\"widget\" data-e-type=\"widget\" data-widget_type=\"heading.default\">\n\t\t\t\t<div class=\"elementor-widget-container\">\n\t\t\t\t\t<h2 class=\"elementor-heading-title elementor-size-default\">Mission<\/h2>\t\t\t\t<\/div>\n\t\t\t\t<\/div>\n\t\t\t\t<div class=\"elementor-element elementor-element-b9c2140 elementor-widget elementor-widget-text-editor\" data-id=\"b9c2140\" data-element_type=\"widget\" data-e-type=\"widget\" data-widget_type=\"text-editor.default\">\n\t\t\t\t<div class=\"elementor-widget-container\">\n\t\t\t\t\t\t\t\t\t<p>Izka \u0130n\u015faat has successfully demonstrated its sustainability-oriented, green and innovative project experiences that will set an example for overcoming global problems such as global warming, pandemic and rapid depletion of natural resources. So much so that Izka \u0130n\u015faat has made it a principle to ensure that its goals are successfully transformed into reality by auditing its contributions to the environment and human health in the projects it has put forward so far by international organizations. The Leed Gold certificates received in the projects completed before the Covid-19 pandemic, and the pilot projects with the Energy Efficiency Identity Certificate carried out under the consultancy of the European Union (EU), the European Bank for Reconstruction and Development (EBRD) and TUREFF show the company&#8217;s determination and pioneering role in works that contribute to the environment and human health.<\/p>\n\t\t\t\t\t\t\t\t<\/div>\n\t\t\t\t<\/div>\n\t\t\t\t<\/div>\n\t\t\t\t\t<\/div>\n\t\t\t\t<\/div>\n\t\t<div class=\"elementor-element elementor-element-9c93aa6 e-flex e-con-boxed e-con e-parent\" data-id=\"9c93aa6\" data-element_type=\"container\" data-e-type=\"container\">\n\t\t\t\t\t<div class=\"e-con-inner\">\n\t\t<div class=\"elementor-element elementor-element-8321a29 e-con-full e-flex e-con e-child\" data-id=\"8321a29\" data-element_type=\"container\" data-e-type=\"container\">\n\t\t\t\t<div class=\"elementor-element elementor-element-d89ba10 elementor-widget elementor-widget-heading\" data-id=\"d89ba10\" data-element_type=\"widget\" data-e-type=\"widget\" data-widget_type=\"heading.default\">\n\t\t\t\t<div class=\"elementor-widget-container\">\n\t\t\t\t\t<h2 class=\"elementor-heading-title elementor-size-default\">Vision<\/h2>\t\t\t\t<\/div>\n\t\t\t\t<\/div>\n\t\t\t\t<div class=\"elementor-element elementor-element-6cb57ff elementor-widget elementor-widget-text-editor\" data-id=\"6cb57ff\" data-element_type=\"widget\" data-e-type=\"widget\" data-widget_type=\"text-editor.default\">\n\t\t\t\t<div class=\"elementor-widget-container\">\n\t\t\t\t\t\t\t\t\t<p>Izka \u0130n\u015faat is determined to take its vision of &#8220;human and environment-oriented&#8221; development, which has been reflected in the projects it has developed for 30 years, even further by adapting strongly to the changing conditions of the world.<\/p>\n<p>Learning from its past experiences and adopting the principle of always moving forward, \u0130zka \u0130n\u015faat quickly incorporated the European Green Deal published by the European Union (EU) on December 11, 2019 into its corporate action plan for the future of the world and humanity. In this direction, Izka \u0130n\u015faat does not see the European Green Deal as a climate change and environmental policy only, and continues its pioneering initiatives to adapt a comprehensive sustainable development model that requires a paradigm shift in all policy areas and society as a whole to a cleaner and greener construction sector.<\/p>\n\t\t\t\t\t\t\t\t<\/div>\n\t\t\t\t<\/div>\n\t\t\t\t<\/div>\n\t\t<div class=\"elementor-element elementor-element-1455f97 e-con-full e-flex e-con e-child\" data-id=\"1455f97\" data-element_type=\"container\" data-e-type=\"container\">\n\t\t\t\t<div class=\"elementor-element elementor-element-d93c34a elementor-widget elementor-widget-image\" data-id=\"d93c34a\" data-element_type=\"widget\" data-e-type=\"widget\" data-widget_type=\"image.default\">\n\t\t\t\t<div class=\"elementor-widget-container\">\n\t\t\t\t\t\t\t\t\t\t\t\t\t\t\t<img decoding=\"async\" width=\"1920\" height=\"1080\" src=\"https:\/\/izka.com.tr\/wp-content\/uploads\/2024\/12\/izka_1-Photo-gigapixel-scale-2_00x.jpg\" class=\"attachment-full size-full wp-image-2332\" alt=\"\" srcset=\"https:\/\/izka.com.tr\/wp-content\/uploads\/2024\/12\/izka_1-Photo-gigapixel-scale-2_00x.jpg 1920w, https:\/\/izka.com.tr\/wp-content\/uploads\/2024\/12\/izka_1-Photo-gigapixel-scale-2_00x-300x169.jpg 300w, https:\/\/izka.com.tr\/wp-content\/uploads\/2024\/12\/izka_1-Photo-gigapixel-scale-2_00x-1024x576.jpg 1024w, https:\/\/izka.com.tr\/wp-content\/uploads\/2024\/12\/izka_1-Photo-gigapixel-scale-2_00x-768x432.jpg 768w, https:\/\/izka.com.tr\/wp-content\/uploads\/2024\/12\/izka_1-Photo-gigapixel-scale-2_00x-1536x864.jpg 1536w\" sizes=\"(max-width: 1920px) 100vw, 1920px\" \/>\t\t\t\t\t\t\t\t\t\t\t\t\t\t\t<\/div>\n\t\t\t\t<\/div>\n\t\t\t\t<\/div>\n\t\t\t\t\t<\/div>\n\t\t\t\t<\/div>\n\t\t\t\t<\/div>\n\t\t","protected":false},"excerpt":{"rendered":"<p>Mission Izka \u0130n\u015faat has successfully demonstrated its sustainability-oriented, green and innovative project experiences that will set an example for overcoming global problems such as global warming, pandemic and rapid depletion of natural resources. So much so that Izka \u0130n\u015faat has made it a principle to ensure that its goals are successfully transformed into reality by [&hellip;]<\/p>\n","protected":false},"author":1,"featured_media":0,"parent":0,"menu_order":0,"comment_status":"closed","ping_status":"closed","template":"","meta":{"_acf_changed":false,"footnotes":""},"class_list":["post-2865","page","type-page","status-publish","hentry"],"acf":[],"_links":{"self":[{"href":"https:\/\/izka.com.tr\/en\/wp-json\/wp\/v2\/pages\/2865","targetHints":{"allow":["GET"]}}],"collection":[{"href":"https:\/\/izka.com.tr\/en\/wp-json\/wp\/v2\/pages"}],"about":[{"href":"https:\/\/izka.com.tr\/en\/wp-json\/wp\/v2\/types\/page"}],"author":[{"embeddable":true,"href":"https:\/\/izka.com.tr\/en\/wp-json\/wp\/v2\/users\/1"}],"replies":[{"embeddable":true,"href":"https:\/\/izka.com.tr\/en\/wp-json\/wp\/v2\/comments?post=2865"}],"version-history":[{"count":1,"href":"https:\/\/izka.com.tr\/en\/wp-json\/wp\/v2\/pages\/2865\/revisions"}],"predecessor-version":[{"id":2867,"href":"https:\/\/izka.com.tr\/en\/wp-json\/wp\/v2\/pages\/2865\/revisions\/2867"}],"wp:attachment":[{"href":"https:\/\/izka.com.tr\/en\/wp-json\/wp\/v2\/media?parent=2865"}],"curies":[{"name":"wp","href":"https:\/\/api.w.org\/{rel}","templated":true}]}}