{"id":2858,"date":"2024-12-24T10:47:28","date_gmt":"2024-12-24T10:47:28","guid":{"rendered":"https:\/\/izka.com.tr\/company-profile\/"},"modified":"2025-01-09T10:24:50","modified_gmt":"2025-01-09T10:24:50","slug":"company-profile","status":"publish","type":"page","link":"https:\/\/izka.com.tr\/en\/company-profile\/","title":{"rendered":"Company Profile"},"content":{"rendered":"\t\t<div data-elementor-type=\"wp-page\" data-elementor-id=\"2858\" class=\"elementor elementor-2858 elementor-806\" data-elementor-post-type=\"page\">\n\t\t\t\t<div class=\"elementor-element elementor-element-d8d5018 e-flex e-con-boxed e-con e-parent\" data-id=\"d8d5018\" data-element_type=\"container\" data-e-type=\"container\" data-settings=\"{&quot;background_background&quot;:&quot;classic&quot;}\">\n\t\t\t\t\t<div class=\"e-con-inner\">\n\t\t\t\t<div class=\"elementor-element elementor-element-3fc92cb elementor-widget elementor-widget-heading\" data-id=\"3fc92cb\" data-element_type=\"widget\" data-e-type=\"widget\" data-widget_type=\"heading.default\">\n\t\t\t\t<div class=\"elementor-widget-container\">\n\t\t\t\t\t<h2 class=\"elementor-heading-title elementor-size-default\">Company Profile<\/h2>\t\t\t\t<\/div>\n\t\t\t\t<\/div>\n\t\t\t\t\t<\/div>\n\t\t\t\t<\/div>\n\t\t<div class=\"elementor-element elementor-element-1d72f1e e-flex e-con-boxed e-con e-parent\" data-id=\"1d72f1e\" data-element_type=\"container\" data-e-type=\"container\">\n\t\t\t\t\t<div class=\"e-con-inner\">\n\t\t\t\t<div class=\"elementor-element elementor-element-ddf2b08 elementor-widget elementor-widget-heading\" data-id=\"ddf2b08\" data-element_type=\"widget\" data-e-type=\"widget\" data-widget_type=\"heading.default\">\n\t\t\t\t<div class=\"elementor-widget-container\">\n\t\t\t\t\t<h2 class=\"elementor-heading-title elementor-size-default\">Registered Company Name: IZKA GAYR\u0130MENKUL \u0130N\u015eAAT A.\u015e.\n\n<\/h2>\t\t\t\t<\/div>\n\t\t\t\t<\/div>\n\t\t\t\t<div class=\"elementor-element elementor-element-5ba3a0f elementor-widget elementor-widget-text-editor\" data-id=\"5ba3a0f\" data-element_type=\"widget\" data-e-type=\"widget\" data-widget_type=\"text-editor.default\">\n\t\t\t\t<div class=\"elementor-widget-container\">\n\t\t\t\t\t\t\t\t\t<table style=\"font-family: -apple-system, BlinkMacSystemFont, 'Segoe UI', Roboto, 'Helvetica Neue', Arial, 'Noto Sans', sans-serif, 'Apple Color Emoji', 'Segoe UI Emoji', 'Segoe UI Symbol', 'Noto Color Emoji';\">\n<thead>\n<tr>\n<td><strong>Registration Date<\/strong><\/td>\n<td>1996<\/td>\n<\/tr>\n<\/thead>\n<tbody>\n<tr>\n<td><strong>Place of Registration<\/strong><\/td>\n<td>Izmir, Turkey<\/td>\n<\/tr>\n<tr>\n<td><strong>KEP Address<\/strong><\/td>\n<td>izkagayrimenkulas@hs04.kep.tr<\/td>\n<\/tr>\n<tr>\n<td><strong>Mersis No:<\/strong><\/td>\n<td>0484096535200028<\/td>\n<\/tr>\n<tr>\n<td><strong>Registered Head Office Address<\/strong><\/td>\n<td>Yal\u0131 Mahallesi 6523. Sokak No: 32 B Interior Door No: 602 Kar\u015f\u0131yaka\/\u0130ZM\u0130R\/TURKEY<\/td>\n<\/tr>\n<tr>\n<td><strong>Telephone<\/strong><\/td>\n<td>+90 232 330 22 07 &#8211; 08<\/td>\n<\/tr>\n<tr>\n<td><strong>Fax<\/strong><\/td>\n<td>+90 232 330 22 09<\/td>\n<\/tr>\n<tr>\n<td><strong>Email<\/strong><\/td>\n<td>info@izka.com.tr<\/td>\n<\/tr>\n<\/tbody>\n<\/table>\n\t\t\t\t\t\t\t\t<\/div>\n\t\t\t\t<\/div>\n\t\t\t\t\t<\/div>\n\t\t\t\t<\/div>\n\t\t\t\t<\/div>\n\t\t","protected":false},"excerpt":{"rendered":"<p>Registered Company Name: IZKA GAYR\u0130MENKUL \u0130N\u015eAAT A.\u015e. Registration Date 1996 Place of Registration Izmir, Turkey KEP Address izkagayrimenkulas@hs04.kep.tr Mersis No: 0484096535200028 Registered Head Office Address Yal\u0131 Mahallesi 6523. Sokak No: 32 B Interior Door No: 602 Kar\u015f\u0131yaka\/\u0130ZM\u0130R\/TURKEY Telephone +90 232 330 22 07 &#8211; 08 Fax +90 232 330 22 09 Email info@izka.com.tr<\/p>\n","protected":false},"author":1,"featured_media":0,"parent":0,"menu_order":0,"comment_status":"closed","ping_status":"closed","template":"","meta":{"_acf_changed":false,"footnotes":""},"class_list":["post-2858","page","type-page","status-publish","hentry"],"acf":[],"_links":{"self":[{"href":"https:\/\/izka.com.tr\/en\/wp-json\/wp\/v2\/pages\/2858","targetHints":{"allow":["GET"]}}],"collection":[{"href":"https:\/\/izka.com.tr\/en\/wp-json\/wp\/v2\/pages"}],"about":[{"href":"https:\/\/izka.com.tr\/en\/wp-json\/wp\/v2\/types\/page"}],"author":[{"embeddable":true,"href":"https:\/\/izka.com.tr\/en\/wp-json\/wp\/v2\/users\/1"}],"replies":[{"embeddable":true,"href":"https:\/\/izka.com.tr\/en\/wp-json\/wp\/v2\/comments?post=2858"}],"version-history":[{"count":1,"href":"https:\/\/izka.com.tr\/en\/wp-json\/wp\/v2\/pages\/2858\/revisions"}],"predecessor-version":[{"id":2859,"href":"https:\/\/izka.com.tr\/en\/wp-json\/wp\/v2\/pages\/2858\/revisions\/2859"}],"wp:attachment":[{"href":"https:\/\/izka.com.tr\/en\/wp-json\/wp\/v2\/media?parent=2858"}],"curies":[{"name":"wp","href":"https:\/\/api.w.org\/{rel}","templated":true}]}}