{"id":2854,"date":"2024-12-24T10:21:36","date_gmt":"2024-12-24T10:21:36","guid":{"rendered":"https:\/\/izka.com.tr\/about-us\/"},"modified":"2025-01-13T13:24:36","modified_gmt":"2025-01-13T13:24:36","slug":"about-us","status":"publish","type":"page","link":"https:\/\/izka.com.tr\/en\/about-us\/","title":{"rendered":"About Us"},"content":{"rendered":"\t\t<div data-elementor-type=\"wp-page\" data-elementor-id=\"2854\" class=\"elementor elementor-2854 elementor-786\" data-elementor-post-type=\"page\">\n\t\t\t\t<div class=\"elementor-element elementor-element-d8d5018 e-flex e-con-boxed e-con e-parent\" data-id=\"d8d5018\" data-element_type=\"container\" data-e-type=\"container\" data-settings=\"{&quot;background_background&quot;:&quot;classic&quot;}\">\n\t\t\t\t\t<div class=\"e-con-inner\">\n\t\t\t\t<div class=\"elementor-element elementor-element-3fc92cb elementor-widget elementor-widget-heading\" data-id=\"3fc92cb\" data-element_type=\"widget\" data-e-type=\"widget\" data-widget_type=\"heading.default\">\n\t\t\t\t<div class=\"elementor-widget-container\">\n\t\t\t\t\t<h2 class=\"elementor-heading-title elementor-size-default\">About Us<\/h2>\t\t\t\t<\/div>\n\t\t\t\t<\/div>\n\t\t\t\t\t<\/div>\n\t\t\t\t<\/div>\n\t\t<div class=\"elementor-element elementor-element-95a38d1 e-flex e-con-boxed e-con e-parent\" data-id=\"95a38d1\" data-element_type=\"container\" data-e-type=\"container\">\n\t\t\t\t\t<div class=\"e-con-inner\">\n\t\t<div class=\"elementor-element elementor-element-e96b3c8 e-con-full e-flex e-con e-child\" data-id=\"e96b3c8\" data-element_type=\"container\" data-e-type=\"container\">\n\t\t\t\t<div class=\"elementor-element elementor-element-b4fbc38 elementor-widget elementor-widget-video\" data-id=\"b4fbc38\" data-element_type=\"widget\" data-e-type=\"widget\" data-settings=\"{&quot;video_type&quot;:&quot;hosted&quot;,&quot;start&quot;:0,&quot;autoplay&quot;:&quot;yes&quot;,&quot;play_on_mobile&quot;:&quot;yes&quot;,&quot;mute&quot;:&quot;yes&quot;,&quot;loop&quot;:&quot;yes&quot;}\" data-widget_type=\"video.default\">\n\t\t\t\t<div class=\"elementor-widget-container\">\n\t\t\t\t\t\t\t<div class=\"e-hosted-video elementor-wrapper elementor-open-inline\">\n\t\t\t\t\t<video class=\"elementor-video\" src=\"https:\/\/izka.com.tr\/wp-content\/uploads\/2025\/01\/web-video-kare.mp4\" autoplay=\"\" loop=\"\" muted=\"muted\" playsinline=\"\" controlsList=\"nodownload\"><\/video>\n\t\t\t\t<\/div>\n\t\t\t\t\t\t<\/div>\n\t\t\t\t<\/div>\n\t\t<div class=\"elementor-element elementor-element-5455081 e-con-full e-flex e-con e-child\" data-id=\"5455081\" data-element_type=\"container\" data-e-type=\"container\">\n\t\t<div class=\"elementor-element elementor-element-2a0f710 e-con-full e-flex e-con e-child\" data-id=\"2a0f710\" data-element_type=\"container\" data-e-type=\"container\">\n\t\t\t\t<div class=\"elementor-element elementor-element-6bd8516 elementor-widget elementor-widget-jkit_fun_fact\" data-id=\"6bd8516\" data-element_type=\"widget\" data-e-type=\"widget\" data-widget_type=\"jkit_fun_fact.default\">\n\t\t\t\t<div class=\"elementor-widget-container\">\n\t\t\t\t\t<div  class=\"jeg-elementor-kit jkit-fun-fact align-center hover-from-left elementor-animation- jeg_module___69fd040224de9\" ><div class=fun-fact-inner>\n            <div class=\"content\">\n                <div class=\"number-wrapper\"><span class=\"prefix\"><\/span>\n        <span class=\"number\" data-value=\"35\" data-animation-duration=\"3500\">0<\/span>\n        <span class=\"suffix\">+<\/span><\/div>\n                <h3 class=\"title\">Years of Experience<\/h3>\n            <\/div>\n        <\/div><\/div>\t\t\t\t<\/div>\n\t\t\t\t<\/div>\n\t\t\t\t<\/div>\n\t\t<div class=\"elementor-element elementor-element-e49ea8c e-con-full e-flex e-con e-child\" data-id=\"e49ea8c\" data-element_type=\"container\" data-e-type=\"container\">\n\t\t\t\t<div class=\"elementor-element elementor-element-641471a elementor-widget elementor-widget-jkit_fun_fact\" data-id=\"641471a\" data-element_type=\"widget\" data-e-type=\"widget\" data-widget_type=\"jkit_fun_fact.default\">\n\t\t\t\t<div class=\"elementor-widget-container\">\n\t\t\t\t\t<div  class=\"jeg-elementor-kit jkit-fun-fact align-center hover-from-left elementor-animation- jeg_module__1_69fd04022572e\" ><div class=fun-fact-inner>\n            <div class=\"content\">\n                <div class=\"number-wrapper\"><span class=\"prefix\"><\/span>\n        <span class=\"number\" data-value=\"350\" data-animation-duration=\"3500\">0<\/span>\n        <span class=\"suffix\">+<\/span><\/div>\n                <h3 class=\"title\">Completed Project<\/h3>\n            <\/div>\n        <\/div><\/div>\t\t\t\t<\/div>\n\t\t\t\t<\/div>\n\t\t\t\t<\/div>\n\t\t\t\t<\/div>\n\t\t<div class=\"elementor-element elementor-element-f4e8c67 e-con-full e-flex e-con e-child\" data-id=\"f4e8c67\" data-element_type=\"container\" data-e-type=\"container\">\n\t\t<div class=\"elementor-element elementor-element-fb0a0a4 e-con-full e-flex e-con e-child\" data-id=\"fb0a0a4\" data-element_type=\"container\" data-e-type=\"container\">\n\t\t\t\t<div class=\"elementor-element elementor-element-a9fa704 elementor-widget elementor-widget-jkit_fun_fact\" data-id=\"a9fa704\" data-element_type=\"widget\" data-e-type=\"widget\" data-widget_type=\"jkit_fun_fact.default\">\n\t\t\t\t<div class=\"elementor-widget-container\">\n\t\t\t\t\t<div  class=\"jeg-elementor-kit jkit-fun-fact align-center hover-from-left elementor-animation- jeg_module__2_69fd0402261c3\" ><div class=fun-fact-inner>\n            <div class=\"content\">\n                <div class=\"number-wrapper\"><span class=\"prefix\"><\/span>\n        <span class=\"number\" data-value=\"70\" data-animation-duration=\"3500\">0<\/span>\n        <span class=\"suffix\">+<\/span><\/div>\n                <h3 class=\"title\">Sustainable Project<\/h3>\n            <\/div>\n        <\/div><\/div>\t\t\t\t<\/div>\n\t\t\t\t<\/div>\n\t\t\t\t<\/div>\n\t\t<div class=\"elementor-element elementor-element-02a0dc1 e-con-full e-flex e-con e-child\" data-id=\"02a0dc1\" data-element_type=\"container\" data-e-type=\"container\">\n\t\t\t\t<div class=\"elementor-element elementor-element-d7ac785 elementor-widget elementor-widget-jkit_fun_fact\" data-id=\"d7ac785\" data-element_type=\"widget\" data-e-type=\"widget\" data-widget_type=\"jkit_fun_fact.default\">\n\t\t\t\t<div class=\"elementor-widget-container\">\n\t\t\t\t\t<div  class=\"jeg-elementor-kit jkit-fun-fact align-center hover-from-left elementor-animation- jeg_module__3_69fd040226948\" ><div class=fun-fact-inner>\n            <div class=\"content\">\n                <div class=\"number-wrapper\"><span class=\"prefix\"><\/span>\n        <span class=\"number\" data-value=\"100\" data-animation-duration=\"3500\">0<\/span>\n        <span class=\"suffix\">%<\/span><\/div>\n                <h3 class=\"title\">Customer Satisfaction<\/h3>\n            <\/div>\n        <\/div><\/div>\t\t\t\t<\/div>\n\t\t\t\t<\/div>\n\t\t\t\t<\/div>\n\t\t\t\t<\/div>\n\t\t\t\t<\/div>\n\t\t<div class=\"elementor-element elementor-element-e71efa9 e-con-full e-flex e-con e-child\" data-id=\"e71efa9\" data-element_type=\"container\" data-e-type=\"container\">\n\t\t<div class=\"elementor-element elementor-element-358cbf3 e-con-full e-flex e-con e-child\" data-id=\"358cbf3\" data-element_type=\"container\" data-e-type=\"container\">\n\t\t<div class=\"elementor-element elementor-element-fb39f05 e-con-full e-flex elementor-invisible e-con e-child\" data-id=\"fb39f05\" data-element_type=\"container\" data-e-type=\"container\" data-settings=\"{&quot;background_background&quot;:&quot;classic&quot;,&quot;animation&quot;:&quot;fadeInRight&quot;}\">\n\t\t\t\t<div class=\"elementor-element elementor-element-10ae41b elementor-widget elementor-widget-heading\" data-id=\"10ae41b\" data-element_type=\"widget\" data-e-type=\"widget\" data-widget_type=\"heading.default\">\n\t\t\t\t<div class=\"elementor-widget-container\">\n\t\t\t\t\t<h5 class=\"elementor-heading-title elementor-size-default\">About Us<\/h5>\t\t\t\t<\/div>\n\t\t\t\t<\/div>\n\t\t\t\t<div class=\"elementor-element elementor-element-7552713 elementor-widget elementor-widget-heading\" data-id=\"7552713\" data-element_type=\"widget\" data-e-type=\"widget\" data-widget_type=\"heading.default\">\n\t\t\t\t<div class=\"elementor-widget-container\">\n\t\t\t\t\t<h2 class=\"elementor-heading-title elementor-size-default\">Trust and Quality in the Construction Industry<\/h2>\t\t\t\t<\/div>\n\t\t\t\t<\/div>\n\t\t\t\t<div class=\"elementor-element elementor-element-4e52485 elementor-widget elementor-widget-text-editor\" data-id=\"4e52485\" data-element_type=\"widget\" data-e-type=\"widget\" data-widget_type=\"text-editor.default\">\n\t\t\t\t<div class=\"elementor-widget-container\">\n\t\t\t\t\t\t\t\t\t<p>Founded in 1995 in Ankara with the aim of developing medium and large scale projects in the construction sector, bringing new construction technologies to our country and contributing to the modernization of our construction sector by following the latest innovations in technology, Izka Construction has gained a respected place in the construction world by showing a steady growth with its professionalism, creativity, honesty and market development features since its establishment.  <\/p>\n<p>The company management closely follows the developments in the sector and new demands in the market and continues to be one of the leading companies in the sector with its strong administrative and financial background. Our company, which continues to realize large engineering projects, has signed many pioneering and exemplary, high quality, innovative projects in every region of Turkey since its establishment.<\/p>\n<p>The experience and professionalism of its personnel and the strategy and organizational success of its management team have been instrumental in the current position of \u0130zka \u0130n\u015faat, which has achieved a serious reputation in its sector by completing its undertakings on time and above the expected quality levels.<\/p>\n<p>Izka family adopts as its basic policy to use modern management techniques in all contracting and investment projects, to complete its projects on time by preferring materials and workmanship that have proven themselves in the market and whose quality is documented.<\/p>\n\t\t\t\t\t\t\t\t<\/div>\n\t\t\t\t<\/div>\n\t\t\t\t<\/div>\n\t\t\t\t<\/div>\n\t\t\t\t<\/div>\n\t\t\t\t\t<\/div>\n\t\t\t\t<\/div>\n\t\t\t\t<\/div>\n\t\t","protected":false},"excerpt":{"rendered":"<p>https:\/\/izka.com.tr\/wp-content\/uploads\/2025\/01\/web-video-kare.mp4 0 + Years of Experience 0 + Completed Project 0 + Sustainable Project 0 % Customer Satisfaction About Us Trust and Quality in the Construction Industry Founded in 1995 in Ankara with the aim of developing medium and large scale projects in the construction sector, bringing new construction technologies to our country and contributing [&hellip;]<\/p>\n","protected":false},"author":1,"featured_media":0,"parent":0,"menu_order":0,"comment_status":"closed","ping_status":"closed","template":"","meta":{"_acf_changed":false,"footnotes":""},"class_list":["post-2854","page","type-page","status-publish","hentry"],"acf":[],"_links":{"self":[{"href":"https:\/\/izka.com.tr\/en\/wp-json\/wp\/v2\/pages\/2854","targetHints":{"allow":["GET"]}}],"collection":[{"href":"https:\/\/izka.com.tr\/en\/wp-json\/wp\/v2\/pages"}],"about":[{"href":"https:\/\/izka.com.tr\/en\/wp-json\/wp\/v2\/types\/page"}],"author":[{"embeddable":true,"href":"https:\/\/izka.com.tr\/en\/wp-json\/wp\/v2\/users\/1"}],"replies":[{"embeddable":true,"href":"https:\/\/izka.com.tr\/en\/wp-json\/wp\/v2\/comments?post=2854"}],"version-history":[{"count":7,"href":"https:\/\/izka.com.tr\/en\/wp-json\/wp\/v2\/pages\/2854\/revisions"}],"predecessor-version":[{"id":3041,"href":"https:\/\/izka.com.tr\/en\/wp-json\/wp\/v2\/pages\/2854\/revisions\/3041"}],"wp:attachment":[{"href":"https:\/\/izka.com.tr\/en\/wp-json\/wp\/v2\/media?parent=2854"}],"curies":[{"name":"wp","href":"https:\/\/api.w.org\/{rel}","templated":true}]}}